{"id":1135,"date":"2023-08-08T17:57:31","date_gmt":"2023-08-08T17:57:31","guid":{"rendered":"https:\/\/www.congresospse.es\/?page_id=1135"},"modified":"2023-11-17T09:17:46","modified_gmt":"2023-11-17T09:17:46","slug":"sede-2023-caravaca","status":"publish","type":"page","link":"https:\/\/www.congresospse.es\/?page_id=1135","title":{"rendered":"Sede 2023: Caravaca"},"content":{"rendered":"\n<p><strong>Caravaca de la Cruz<\/strong>&nbsp;es una ciudad y municipio espa\u00f1ol&nbsp;perteneciente a la&nbsp;<a href=\"safari-reader:\/\/es.wikipedia.org\/wiki\/Regi%C3%B3n_de_Murcia\">Regi\u00f3n de Murcia<\/a>. Capital y centro administrativo de la&nbsp;<a href=\"safari-reader:\/\/es.wikipedia.org\/wiki\/Comarca_del_Noroeste\">comarca del Noroeste<\/a>. Cuenta con una poblaci\u00f3n de 25&nbsp;722 habitantes,\u200b y su extensi\u00f3n es de 859,51&nbsp;km\u00b2. Se encuentra a 625&nbsp;m sobre el nivel del mar.<\/p>\n\n\n\n<p>Es un lugar de referencia para el culto de la&nbsp;<a href=\"safari-reader:\/\/es.wikipedia.org\/wiki\/Iglesia_cat%C3%B3lica\">Iglesia cat\u00f3lica<\/a>&nbsp;ya que desde 1998, durante el papado de&nbsp;<a href=\"safari-reader:\/\/es.wikipedia.org\/wiki\/Juan_Pablo_II\">Juan Pablo II<\/a>, est\u00e1 catalogada como una de las ocho&nbsp;<a href=\"safari-reader:\/\/es.wikipedia.org\/wiki\/Ciudad_Santa\">ciudades santas<\/a>&nbsp;de esta confesi\u00f3n religiosa al disponer del privilegio de celebrar&nbsp;<a href=\"safari-reader:\/\/es.wikipedia.org\/wiki\/Jubileo\">A\u00f1o Jubilar<\/a>&nbsp;a perpetuidad cada siete a\u00f1os en torno a la&nbsp;<a href=\"safari-reader:\/\/es.wikipedia.org\/wiki\/Cruz_de_Caravaca\">Sant\u00edsima y Vera Cruz de Caravaca<\/a>. El primero de ellos tuvo lugar en 2003. Por esta circunstancia, y por el propio nombre del municipio, tambi\u00e9n se la conoce como \u00abla Ciudad de la Cruz\u00bb.<\/p>\n\n\n\n<h2 class=\"wp-block-heading has-medium-font-size\"><strong>NATURALEZA <\/strong><\/h2>\n\n\n\n<p>Las monta\u00f1as ocupan una superficie muy considerable del municipio. Podemos citar como m\u00e1s destacables la&nbsp;<a href=\"https:\/\/es.wikipedia.org\/wiki\/Sierra_de_Mojantes\">sierra de Mojantes<\/a>&nbsp;(1615 metros, m\u00e1xima altura del t\u00e9rmino municipal) que conserva a\u00fan algunas&nbsp;<a href=\"https:\/\/es.wikipedia.org\/wiki\/Gyps_fulvus\">buitreras<\/a>, por lo que ha sido declarada como&nbsp;<a href=\"https:\/\/es.wikipedia.org\/wiki\/ZEPA\">ZEPA<\/a>. Tambi\u00e9n es de importancia la&nbsp;<a href=\"https:\/\/es.wikipedia.org\/w\/index.php?title=Sierra_del_Gavil%C3%A1n&amp;action=edit&amp;redlink=1\">Sierra del Gavil\u00e1n<\/a> donde se conservan reductos de los antiguos&nbsp;<a href=\"https:\/\/es.wikipedia.org\/wiki\/Robledales\">robledales<\/a>&nbsp;y parajes rese\u00f1ables como el Nevazo (en sus alrededores se encuentra la cueva de la Barquilla), incluyendo el pico de la Pe\u00f1a Rubia o los Siete Pe\u00f1ones (h\u00e1bitat de la&nbsp;<em><a href=\"https:\/\/es.wikipedia.org\/wiki\/Caralluma_munbyana\">Caralluma munbyana<\/a><\/em>).<\/p>\n\n\n\n<p>Tambi\u00e9n destacan la sierra de la Zarza, la sierra de Melgoso (que est\u00e1 dentro del LIC&nbsp;<em>Casa Alta Salinas<\/em>) y la Cuerda de la Serrata (declarada&nbsp;<a href=\"https:\/\/es.wikipedia.org\/wiki\/Zona_de_Especial_Conservaci%C3%B3n\">Zona de Especial Conservaci\u00f3n<\/a>).<\/p>\n\n\n\n<p>La flora del municipio es de muy diverso tipo, encontrando pinares de&nbsp;<a href=\"https:\/\/es.wikipedia.org\/wiki\/Pino_laricio\">pino laricio<\/a>&nbsp;en Mojantes y Gavil\u00e1n; pino carrasco en los montes aleda\u00f1os al centro urbano, y pino resinero o negral en las zonas m\u00e1s h\u00famedas de alta monta\u00f1a. Tambi\u00e9n encontramos carrascales, quejigares, coscojares, arces, encinas, sabinares y enebrales, as\u00ed como vegetaci\u00f3n de ribera con \u00e1lamos, \u00f3lmos, sauces, etc. Al pie de Mojantes encontramos los llanos de Tornajuelo y Aguzaderas, las principales \u00e1reas cereal\u00edsticas de la Regi\u00f3n de Murcia.<\/p>\n\n\n\n<p>El t\u00e9rmino municipal est\u00e1 surcado por los valles de los r\u00edos&nbsp;<a href=\"https:\/\/es.wikipedia.org\/wiki\/Argos\">Argos<\/a>&nbsp;y&nbsp;<a href=\"https:\/\/es.wikipedia.org\/wiki\/Qu%C3%ADpar\">Qu\u00edpar<\/a>, afluentes del&nbsp;<a href=\"https:\/\/es.wikipedia.org\/wiki\/R%C3%ADo_Segura\">r\u00edo Segura<\/a>. En el curso del Qu\u00edpar (protegido como LIC), a su paso por las estribaciones de la sierra de las Cabras se localiza otro paraje de inter\u00e9s como es el&nbsp;<em>estrecho de la Encarnaci\u00f3n<\/em>.<\/p>\n\n\n\n<p><a href=\"https:\/\/es.wikipedia.org\/wiki\/Las_Fuentes_del_Marqu%C3%A9s\">Las Fuentes del Marqu\u00e9s<\/a>&nbsp;es un paraje natural de inmensa belleza cuyo protagonismo radica en los numerosos nacimientos de aguas cristalinas que conforman un espacio \u00fanico a las afueras de la ciudad. En \u00e9l se encuentra enclavado el Torre\u00f3n de los Templarios. En \u00e9l se ha instalado el Centro de interpretaci\u00f3n de la naturaleza donde se muestran las numerosas especies de aves, peces y peque\u00f1os mam\u00edferos que habitan el paraje. <\/p>\n\n\n\n<p>Junto a las Fuentes del Marqu\u00e9s se encuentra<strong> el paraje del Copo<\/strong>, desde aqu\u00ed parten los senderos a las sierras de Caravaca, como el camino hacia el Nevazo o la Barquilla. Este paraje natural tiene un&nbsp;<a href=\"https:\/\/es.wikipedia.org\/wiki\/Encinar\">encinar<\/a>&nbsp;con ejemplares de carrascas varias veces centenarias, \u00fanicas en la Regi\u00f3n de Murcia.<\/p>\n\n\n\n<p>El Camino Natural de la&nbsp;<a href=\"https:\/\/es.wikipedia.org\/wiki\/V%C3%ADa_Verde_del_Noroeste\">V\u00eda Verde del Noroeste<\/a>&nbsp;es un sendero para uso peatonal, ciclista o a caballo, que sigue el antiguo trayecto que recorr\u00eda el tren de Murcia a Caravaca. Muchas de las antiguas estaciones han sido adaptadas como albergues.<\/p>\n\n\n\n<h2 class=\"wp-block-heading\">MAPA DEL CONGRESISTA <\/h2>\n\n\n\n<p><a href=\"http:\/\/www.congresospse.es\/wp-content\/uploads\/2023\/11\/Caravaca.-Congreso-SPSE.pdf\" target=\"_blank\" rel=\"noreferrer noopener\">DESCARGA EL MAPA PARA SABER MOVERTE EN LAS ACTIVIDADES DEL CONGRESO<\/a><\/p>\n\n\n\n<h2 class=\"wp-block-heading\">SEDE DEL CONGRESO 2023 SPSE <\/h2>\n\n\n\n<figure class=\"wp-block-image size-large\"><img loading=\"lazy\" decoding=\"async\" width=\"1024\" height=\"768\" src=\"https:\/\/www.congresospse.es\/wp-content\/uploads\/2023\/08\/casa_cultura_caravaca-1024x768.jpg\" alt=\"\" class=\"wp-image-1137\" srcset=\"https:\/\/www.congresospse.es\/wp-content\/uploads\/2023\/08\/casa_cultura_caravaca-1024x768.jpg 1024w, https:\/\/www.congresospse.es\/wp-content\/uploads\/2023\/08\/casa_cultura_caravaca-300x225.jpg 300w, https:\/\/www.congresospse.es\/wp-content\/uploads\/2023\/08\/casa_cultura_caravaca-768x576.jpg 768w, https:\/\/www.congresospse.es\/wp-content\/uploads\/2023\/08\/casa_cultura_caravaca-1536x1152.jpg 1536w, https:\/\/www.congresospse.es\/wp-content\/uploads\/2023\/08\/casa_cultura_caravaca-2048x1536.jpg 2048w, https:\/\/www.congresospse.es\/wp-content\/uploads\/2023\/08\/casa_cultura_caravaca-1200x900.jpg 1200w, https:\/\/www.congresospse.es\/wp-content\/uploads\/2023\/08\/casa_cultura_caravaca-1320x990.jpg 1320w, https:\/\/www.congresospse.es\/wp-content\/uploads\/2023\/08\/casa_cultura_caravaca-400x300.jpg 400w\" sizes=\"auto, (max-width: 709px) 85vw, (max-width: 909px) 67vw, (max-width: 1362px) 62vw, 840px\" \/><\/figure>\n\n\n\n<p>CASA DE LA CULTURA, AYUNTAMIENTO DE CARAVACA <\/p>\n","protected":false},"excerpt":{"rendered":"<p>Caravaca de la Cruz&nbsp;es una ciudad y municipio espa\u00f1ol&nbsp;perteneciente a la&nbsp;Regi\u00f3n de Murcia. Capital y centro administrativo de la&nbsp;comarca del Noroeste. Cuenta con una poblaci\u00f3n de 25&nbsp;722 habitantes,\u200b y su extensi\u00f3n es de 859,51&nbsp;km\u00b2. Se encuentra a 625&nbsp;m sobre el nivel del mar. Es un lugar de referencia para el culto de la&nbsp;Iglesia cat\u00f3lica&nbsp;ya que &hellip; <a href=\"https:\/\/www.congresospse.es\/?page_id=1135\" class=\"more-link\">Continuar leyendo<span class=\"screen-reader-text\"> \u00abSede 2023: Caravaca\u00bb<\/span><\/a><\/p>\n","protected":false},"author":1,"featured_media":0,"parent":0,"menu_order":0,"comment_status":"closed","ping_status":"closed","template":"","meta":{"footnotes":""},"class_list":["post-1135","page","type-page","status-publish","hentry"],"yoast_head":"<!-- This site is optimized with the Yoast SEO plugin v19.4 - https:\/\/yoast.com\/wordpress\/plugins\/seo\/ -->\n<title>Sede 2023: Caravaca - LI (51) Reuni\u00f3n Anual de la Sociedad de Pediatria del Sureste de Espa\u00f1a<\/title>\n<meta name=\"robots\" content=\"index, follow, max-snippet:-1, max-image-preview:large, max-video-preview:-1\" \/>\n<link rel=\"canonical\" href=\"https:\/\/www.congresospse.es\/?page_id=1135\" \/>\n<meta property=\"og:locale\" content=\"es_ES\" \/>\n<meta property=\"og:type\" content=\"article\" \/>\n<meta property=\"og:title\" content=\"Sede 2023: Caravaca - LI (51) Reuni\u00f3n Anual de la Sociedad de Pediatria del Sureste de Espa\u00f1a\" \/>\n<meta property=\"og:description\" content=\"Caravaca de la Cruz&nbsp;es una ciudad y municipio espa\u00f1ol&nbsp;perteneciente a la&nbsp;Regi\u00f3n de Murcia. Capital y centro administrativo de la&nbsp;comarca del Noroeste. Cuenta con una poblaci\u00f3n de 25&nbsp;722 habitantes,\u200b y su extensi\u00f3n es de 859,51&nbsp;km\u00b2. Se encuentra a 625&nbsp;m sobre el nivel del mar. Es un lugar de referencia para el culto de la&nbsp;Iglesia cat\u00f3lica&nbsp;ya que &hellip; Continuar leyendo &quot;Sede 2023: Caravaca&quot;\" \/>\n<meta property=\"og:url\" content=\"https:\/\/www.congresospse.es\/?page_id=1135\" \/>\n<meta property=\"og:site_name\" content=\"LI (51) Reuni\u00f3n Anual de la Sociedad de Pediatria del Sureste de Espa\u00f1a\" \/>\n<meta property=\"article:modified_time\" content=\"2023-11-17T09:17:46+00:00\" \/>\n<meta property=\"og:image\" content=\"https:\/\/www.congresospse.es\/wp-content\/uploads\/2023\/08\/casa_cultura_caravaca-1024x768.jpg\" \/>\n<meta name=\"twitter:card\" content=\"summary_large_image\" \/>\n<meta name=\"twitter:label1\" content=\"Tiempo de lectura\" \/>\n\t<meta name=\"twitter:data1\" content=\"3 minutos\" \/>\n<script type=\"application\/ld+json\" class=\"yoast-schema-graph\">{\"@context\":\"https:\/\/schema.org\",\"@graph\":[{\"@type\":\"Organization\",\"@id\":\"https:\/\/www.congresospse.es\/#organization\",\"name\":\"LI (51) Reuni\u00f3n Anual de la Sociedad de Pediatria del Sureste de Espa\u00f1a\",\"url\":\"https:\/\/www.congresospse.es\/\",\"sameAs\":[],\"logo\":{\"@type\":\"ImageObject\",\"inLanguage\":\"es\",\"@id\":\"https:\/\/www.congresospse.es\/#\/schema\/logo\/image\/\",\"url\":\"https:\/\/www.congresospse.es\/wp-content\/uploads\/2022\/08\/cropped-2BD1DBE8-4FBA-4E7C-BD73-4F6173AA7712-2.png\",\"contentUrl\":\"https:\/\/www.congresospse.es\/wp-content\/uploads\/2022\/08\/cropped-2BD1DBE8-4FBA-4E7C-BD73-4F6173AA7712-2.png\",\"width\":110,\"height\":110,\"caption\":\"LI (51) Reuni\u00f3n Anual de la Sociedad de Pediatria del Sureste de Espa\u00f1a\"},\"image\":{\"@id\":\"https:\/\/www.congresospse.es\/#\/schema\/logo\/image\/\"}},{\"@type\":\"WebSite\",\"@id\":\"https:\/\/www.congresospse.es\/#website\",\"url\":\"https:\/\/www.congresospse.es\/\",\"name\":\"LI (51) Reuni\u00f3n Anual de la Sociedad de Pediatria del Sureste de Espa\u00f1a\",\"description\":\"Estaremos donde est\u00e9 la infancia y la adolescencia de la Regi\u00f3n de Murcia\",\"publisher\":{\"@id\":\"https:\/\/www.congresospse.es\/#organization\"},\"potentialAction\":[{\"@type\":\"SearchAction\",\"target\":{\"@type\":\"EntryPoint\",\"urlTemplate\":\"https:\/\/www.congresospse.es\/?s={search_term_string}\"},\"query-input\":\"required name=search_term_string\"}],\"inLanguage\":\"es\"},{\"@type\":\"WebPage\",\"@id\":\"https:\/\/www.congresospse.es\/?page_id=1135\",\"url\":\"https:\/\/www.congresospse.es\/?page_id=1135\",\"name\":\"Sede 2023: Caravaca - LI (51) Reuni\u00f3n Anual de la Sociedad de Pediatria del Sureste de Espa\u00f1a\",\"isPartOf\":{\"@id\":\"https:\/\/www.congresospse.es\/#website\"},\"datePublished\":\"2023-08-08T17:57:31+00:00\",\"dateModified\":\"2023-11-17T09:17:46+00:00\",\"breadcrumb\":{\"@id\":\"https:\/\/www.congresospse.es\/?page_id=1135#breadcrumb\"},\"inLanguage\":\"es\",\"potentialAction\":[{\"@type\":\"ReadAction\",\"target\":[\"https:\/\/www.congresospse.es\/?page_id=1135\"]}]},{\"@type\":\"BreadcrumbList\",\"@id\":\"https:\/\/www.congresospse.es\/?page_id=1135#breadcrumb\",\"itemListElement\":[{\"@type\":\"ListItem\",\"position\":1,\"name\":\"Portada\",\"item\":\"https:\/\/www.congresospse.es\/\"},{\"@type\":\"ListItem\",\"position\":2,\"name\":\"Sede 2023: Caravaca\"}]}]}<\/script>\n<!-- \/ Yoast SEO plugin. -->","yoast_head_json":{"title":"Sede 2023: Caravaca - LI (51) Reuni\u00f3n Anual de la Sociedad de Pediatria del Sureste de Espa\u00f1a","robots":{"index":"index","follow":"follow","max-snippet":"max-snippet:-1","max-image-preview":"max-image-preview:large","max-video-preview":"max-video-preview:-1"},"canonical":"https:\/\/www.congresospse.es\/?page_id=1135","og_locale":"es_ES","og_type":"article","og_title":"Sede 2023: Caravaca - LI (51) Reuni\u00f3n Anual de la Sociedad de Pediatria del Sureste de Espa\u00f1a","og_description":"Caravaca de la Cruz&nbsp;es una ciudad y municipio espa\u00f1ol&nbsp;perteneciente a la&nbsp;Regi\u00f3n de Murcia. Capital y centro administrativo de la&nbsp;comarca del Noroeste. Cuenta con una poblaci\u00f3n de 25&nbsp;722 habitantes,\u200b y su extensi\u00f3n es de 859,51&nbsp;km\u00b2. Se encuentra a 625&nbsp;m sobre el nivel del mar. Es un lugar de referencia para el culto de la&nbsp;Iglesia cat\u00f3lica&nbsp;ya que &hellip; Continuar leyendo \"Sede 2023: Caravaca\"","og_url":"https:\/\/www.congresospse.es\/?page_id=1135","og_site_name":"LI (51) Reuni\u00f3n Anual de la Sociedad de Pediatria del Sureste de Espa\u00f1a","article_modified_time":"2023-11-17T09:17:46+00:00","og_image":[{"url":"https:\/\/www.congresospse.es\/wp-content\/uploads\/2023\/08\/casa_cultura_caravaca-1024x768.jpg"}],"twitter_card":"summary_large_image","twitter_misc":{"Tiempo de lectura":"3 minutos"},"schema":{"@context":"https:\/\/schema.org","@graph":[{"@type":"Organization","@id":"https:\/\/www.congresospse.es\/#organization","name":"LI (51) Reuni\u00f3n Anual de la Sociedad de Pediatria del Sureste de Espa\u00f1a","url":"https:\/\/www.congresospse.es\/","sameAs":[],"logo":{"@type":"ImageObject","inLanguage":"es","@id":"https:\/\/www.congresospse.es\/#\/schema\/logo\/image\/","url":"https:\/\/www.congresospse.es\/wp-content\/uploads\/2022\/08\/cropped-2BD1DBE8-4FBA-4E7C-BD73-4F6173AA7712-2.png","contentUrl":"https:\/\/www.congresospse.es\/wp-content\/uploads\/2022\/08\/cropped-2BD1DBE8-4FBA-4E7C-BD73-4F6173AA7712-2.png","width":110,"height":110,"caption":"LI (51) Reuni\u00f3n Anual de la Sociedad de Pediatria del Sureste de Espa\u00f1a"},"image":{"@id":"https:\/\/www.congresospse.es\/#\/schema\/logo\/image\/"}},{"@type":"WebSite","@id":"https:\/\/www.congresospse.es\/#website","url":"https:\/\/www.congresospse.es\/","name":"LI (51) Reuni\u00f3n Anual de la Sociedad de Pediatria del Sureste de Espa\u00f1a","description":"Estaremos donde est\u00e9 la infancia y la adolescencia de la Regi\u00f3n de Murcia","publisher":{"@id":"https:\/\/www.congresospse.es\/#organization"},"potentialAction":[{"@type":"SearchAction","target":{"@type":"EntryPoint","urlTemplate":"https:\/\/www.congresospse.es\/?s={search_term_string}"},"query-input":"required name=search_term_string"}],"inLanguage":"es"},{"@type":"WebPage","@id":"https:\/\/www.congresospse.es\/?page_id=1135","url":"https:\/\/www.congresospse.es\/?page_id=1135","name":"Sede 2023: Caravaca - LI (51) Reuni\u00f3n Anual de la Sociedad de Pediatria del Sureste de Espa\u00f1a","isPartOf":{"@id":"https:\/\/www.congresospse.es\/#website"},"datePublished":"2023-08-08T17:57:31+00:00","dateModified":"2023-11-17T09:17:46+00:00","breadcrumb":{"@id":"https:\/\/www.congresospse.es\/?page_id=1135#breadcrumb"},"inLanguage":"es","potentialAction":[{"@type":"ReadAction","target":["https:\/\/www.congresospse.es\/?page_id=1135"]}]},{"@type":"BreadcrumbList","@id":"https:\/\/www.congresospse.es\/?page_id=1135#breadcrumb","itemListElement":[{"@type":"ListItem","position":1,"name":"Portada","item":"https:\/\/www.congresospse.es\/"},{"@type":"ListItem","position":2,"name":"Sede 2023: Caravaca"}]}]}},"_links":{"self":[{"href":"https:\/\/www.congresospse.es\/index.php?rest_route=\/wp\/v2\/pages\/1135","targetHints":{"allow":["GET"]}}],"collection":[{"href":"https:\/\/www.congresospse.es\/index.php?rest_route=\/wp\/v2\/pages"}],"about":[{"href":"https:\/\/www.congresospse.es\/index.php?rest_route=\/wp\/v2\/types\/page"}],"author":[{"embeddable":true,"href":"https:\/\/www.congresospse.es\/index.php?rest_route=\/wp\/v2\/users\/1"}],"replies":[{"embeddable":true,"href":"https:\/\/www.congresospse.es\/index.php?rest_route=%2Fwp%2Fv2%2Fcomments&post=1135"}],"version-history":[{"count":3,"href":"https:\/\/www.congresospse.es\/index.php?rest_route=\/wp\/v2\/pages\/1135\/revisions"}],"predecessor-version":[{"id":1580,"href":"https:\/\/www.congresospse.es\/index.php?rest_route=\/wp\/v2\/pages\/1135\/revisions\/1580"}],"wp:attachment":[{"href":"https:\/\/www.congresospse.es\/index.php?rest_route=%2Fwp%2Fv2%2Fmedia&parent=1135"}],"curies":[{"name":"wp","href":"https:\/\/api.w.org\/{rel}","templated":true}]}}