{"id":1915,"date":"2024-06-11T15:29:44","date_gmt":"2024-06-11T15:29:44","guid":{"rendered":"https:\/\/www.congresospse.es\/?page_id=1915"},"modified":"2024-07-28T10:31:43","modified_gmt":"2024-07-28T10:31:43","slug":"sede-2024-lorca","status":"publish","type":"page","link":"https:\/\/www.congresospse.es\/?page_id=1915","title":{"rendered":"Sede 2024: Lorca"},"content":{"rendered":"\n<p class=\"has-large-font-size\"><strong>15 y 16 de noviembre de 2024 <\/strong><\/p>\n\n\n\n<figure class=\"wp-block-image size-large\"><img loading=\"lazy\" decoding=\"async\" width=\"1024\" height=\"680\" src=\"http:\/\/www.congresospse.es\/wp-content\/uploads\/2024\/06\/Castillo_de_Lorca1-1024x680.jpg\" alt=\"\" class=\"wp-image-1916\" srcset=\"https:\/\/www.congresospse.es\/wp-content\/uploads\/2024\/06\/Castillo_de_Lorca1-1024x680.jpg 1024w, https:\/\/www.congresospse.es\/wp-content\/uploads\/2024\/06\/Castillo_de_Lorca1-300x199.jpg 300w, https:\/\/www.congresospse.es\/wp-content\/uploads\/2024\/06\/Castillo_de_Lorca1-768x510.jpg 768w, https:\/\/www.congresospse.es\/wp-content\/uploads\/2024\/06\/Castillo_de_Lorca1-1536x1021.jpg 1536w, https:\/\/www.congresospse.es\/wp-content\/uploads\/2024\/06\/Castillo_de_Lorca1-2048x1361.jpg 2048w, https:\/\/www.congresospse.es\/wp-content\/uploads\/2024\/06\/Castillo_de_Lorca1-1200x797.jpg 1200w, https:\/\/www.congresospse.es\/wp-content\/uploads\/2024\/06\/Castillo_de_Lorca1-1320x877.jpg 1320w, https:\/\/www.congresospse.es\/wp-content\/uploads\/2024\/06\/Castillo_de_Lorca1-400x266.jpg 400w\" sizes=\"auto, (max-width: 709px) 85vw, (max-width: 909px) 67vw, (max-width: 1362px) 62vw, 840px\" \/><\/figure>\n\n\n\n<p>Castillo de Lorca <\/p>\n\n\n\n<p><strong>Lorca<\/strong>&nbsp;es una ciudad y&nbsp;<a href=\"https:\/\/es.wikipedia.org\/wiki\/Municipio_(Espa%C3%B1a)\">municipio<\/a><a href=\"https:\/\/es.wikipedia.org\/wiki\/Espa%C3%B1a\"> espa\u00f1ol<\/a>&nbsp;perteneciente a la&nbsp;<a href=\"https:\/\/es.wikipedia.org\/wiki\/Regi%C3%B3n_de_Murcia\">Regi\u00f3n de Murcia<\/a>, situada en la comarca del&nbsp;<a href=\"https:\/\/es.wikipedia.org\/wiki\/Alto_Guadalent%C3%ADn\">Alto Guadalent\u00edn<\/a>, en el sureste de la&nbsp;<a href=\"https:\/\/es.wikipedia.org\/wiki\/Pen%C3%ADnsula_ib%C3%A9rica\">pen\u00ednsula ib\u00e9rica<\/a>. Es la tercera poblaci\u00f3n en importancia de la&nbsp;<a href=\"https:\/\/es.wikipedia.org\/wiki\/Regi%C3%B3n_de_Murcia\">Regi\u00f3n de Murcia<\/a>&nbsp;tras&nbsp;<a href=\"https:\/\/es.wikipedia.org\/wiki\/Murcia\">Murcia<\/a>&nbsp;y&nbsp;<a href=\"https:\/\/es.wikipedia.org\/wiki\/Cartagena_(Espa%C3%B1a)\">Cartagena<\/a>, con 98&nbsp;447 habitantes (<a href=\"https:\/\/es.wikipedia.org\/wiki\/Instituto_Nacional_de_Estad%C3%ADstica_(Espa%C3%B1a)\">INE<\/a>&nbsp;2023).<\/p>\n\n\n\n<p>Lorca es conocida por&nbsp;<a href=\"https:\/\/es.wikipedia.org\/wiki\/Castillo_de_Lorca\">su castillo<\/a>, su arquitectura barroca y&nbsp;<a href=\"https:\/\/es.wikipedia.org\/wiki\/Semana_Santa_en_Lorca\">sus procesiones de Semana Santa<\/a>, declaradas&nbsp;<a href=\"https:\/\/es.wikipedia.org\/wiki\/Anexo:Fiestas_de_Inter%C3%A9s_Tur%C3%ADstico_Internacional_(Espa%C3%B1a)\">fiesta de inter\u00e9s tur\u00edstico internacional<\/a>.<\/p>\n\n\n\n<p>Gracias a su denso patrimonio her\u00e1ldico es tambi\u00e9n llamada \u00abla ciudad de los cien escudos\u00bb, nombre que le otorg\u00f3 el antiguo alcalde Jos\u00e9 Antonio Gallego, mientras que de su nombre original (<em>Eliocroca<\/em>) toma el t\u00edtulo de&nbsp;<em>ciudad del sol<\/em>. Su casco antiguo y el recinto del castillo,fueron declarados&nbsp;<a href=\"https:\/\/es.wikipedia.org\/wiki\/Conjunto_hist%C3%B3rico-art%C3%ADstico_de_Lorca\">conjunto hist\u00f3rico-art\u00edstico<\/a>&nbsp;el 5 de marzo de 1964, siendo el primero de la Regi\u00f3n de Murcia con esta distinci\u00f3n.<\/p>\n\n\n\n<p>MAPA DEL CONGRESISTA<\/p>\n\n\n\n<p>DESCARGA EL MAPA PARA SABER MOVERTE EN LAS ACTIVIDADES DEL CONGRESO<\/p>\n\n\n\n<h2 class=\"wp-block-heading\">SEDE DEL CONGRESO 2024 SPSE<\/h2>\n\n\n\n<p>IFERLOR<\/p>\n\n\n\n<figure class=\"wp-block-image size-full\"><img loading=\"lazy\" decoding=\"async\" width=\"328\" height=\"154\" src=\"http:\/\/www.congresospse.es\/wp-content\/uploads\/2024\/07\/download.jpg\" alt=\"\" class=\"wp-image-1957\" srcset=\"https:\/\/www.congresospse.es\/wp-content\/uploads\/2024\/07\/download.jpg 328w, https:\/\/www.congresospse.es\/wp-content\/uploads\/2024\/07\/download-300x141.jpg 300w\" sizes=\"auto, (max-width: 328px) 85vw, 328px\" \/><\/figure>\n\n\n\n<h2 class=\"wp-block-heading\">LORCA Patrimonio monumental<\/h2>\n\n\n\n<p>V\u00e9ase tambi\u00e9n:&nbsp;<em><a href=\"https:\/\/es.wikipedia.org\/wiki\/Conjunto_hist%C3%B3rico-art%C3%ADstico_de_Lorca\">Conjunto hist\u00f3rico-art\u00edstico de Lorca<\/a><\/em><\/p>\n\n\n\n<p>El casco antiguo de la ciudad de Lorca, junto con el recinto del castillo, fue declarado&nbsp;<a href=\"https:\/\/es.wikipedia.org\/wiki\/Conjunto_hist%C3%B3rico-art%C3%ADstico\">conjunto hist\u00f3rico-art\u00edstico<\/a>&nbsp;en el a\u00f1o 1964.Los monumentos m\u00e1s significativos de Lorca son:<\/p>\n\n\n\n<ul class=\"wp-block-list\">\n<li><a href=\"https:\/\/es.wikipedia.org\/wiki\/Castillo_de_Lorca\">Castillo de Lorca<\/a>&nbsp;(s.&nbsp;ix-xv) principal s\u00edmbolo de la ciudad. De origen musulm\u00e1n, las principales murallas y torres (la Alfonsina y del Espol\u00f3n) son sin embargo de construcci\u00f3n medieval-cristiana, de estilo g\u00f3tico. En su interior se conserva la antigua&nbsp;<a href=\"https:\/\/es.wikipedia.org\/wiki\/Juder%C3%ADa\">juder\u00eda<\/a>&nbsp;y la&nbsp;<a href=\"https:\/\/es.wikipedia.org\/wiki\/Sinagoga_de_Lorca\">sinagoga de Lorca<\/a>.<\/li>\n\n\n\n<li>La&nbsp;<a href=\"https:\/\/es.wikipedia.org\/wiki\/Plaza_de_Espa%C3%B1a_(Lorca)\">plaza de Espa\u00f1a (Lorca)<\/a>&nbsp;(siglos&nbsp;xvi-xviii) es el centro neur\u00e1lgico del Casco Hist\u00f3rico de Lorca. All\u00ed se integran dos edificios emblem\u00e1ticos: el Ayuntamiento y la Colegiata de San Patricio.<\/li>\n\n\n\n<li>La&nbsp;<a href=\"https:\/\/es.wikipedia.org\/wiki\/Colegiata_de_San_Patricio\">colegiata de San Patricio<\/a>&nbsp;(siglos&nbsp;xvi-xviii) es la construcci\u00f3n eclesi\u00e1stica m\u00e1s importante de Lorca. Fue declarada Monumento Hist\u00f3rico Art\u00edstico en 1941.<a href=\"https:\/\/es.wikipedia.org\/wiki\/Archivo:Lorca_Palacio_de_Guevara_entrance.jpg\"><\/a>Portada del&nbsp;<a href=\"https:\/\/es.wikipedia.org\/wiki\/Palacio_de_Guevara\">Palacio de Guevara<\/a>.<\/li>\n\n\n\n<li><a href=\"https:\/\/es.wikipedia.org\/wiki\/Casa_consistorial_de_Lorca\">Casa consistorial de Lorca<\/a>&nbsp;(siglos&nbsp;xvii-xviii), edificio del siglo&nbsp;xvii&nbsp;construido inicialmente como prisi\u00f3n real por Alonso Ruiz de la Jara.<\/li>\n\n\n\n<li>La plaza del Ca\u00f1o, conocida antiguamente como la&nbsp;<em>plaza de la Verduler\u00eda<\/em>, es donde se localizaban los edificios correspondientes al&nbsp;<a href=\"https:\/\/es.wikipedia.org\/w\/index.php?title=P%C3%B3sito_de_los_Panaderos_(Lorca)&amp;action=edit&amp;redlink=1\">P\u00f3sito de los Panaderos<\/a>&nbsp;(siglo&nbsp;xvi), actual sede de la Casa del Artesano, las Carnicer\u00edas (antiguo Archivo Municipal) y la&nbsp;<a href=\"https:\/\/es.wikipedia.org\/w\/index.php?title=Casa_del_Corregidor_(Lorca)&amp;action=edit&amp;redlink=1\">Casa del Corregidor<\/a>&nbsp;(siglo&nbsp;xviii), sede de los Juzgados de Lorca.<\/li>\n\n\n\n<li><a href=\"https:\/\/es.wikipedia.org\/wiki\/Columna_Miliaria\">Columna Miliaria<\/a>, miliario romano (siglo&nbsp;i&nbsp;a.&nbsp;C.) Situada en la Calle de la Corredera, una de las principales arterias peatonales del Casco Hist\u00f3rico.<\/li>\n\n\n\n<li>La muralla medieval de Lorca rodeaba el n\u00facleo urbano primigenio de la ciudad. De la misma se conservan el&nbsp;<a href=\"https:\/\/es.wikipedia.org\/wiki\/Porche_de_San_Antonio\">porche de San Antonio<\/a>&nbsp;o puerta de San Gin\u00e9s (puerta de finales del siglo&nbsp;xiii&nbsp;y comienzos del&nbsp;xiv), la muralla de la calle Rambla, los restos de una torre en el interior del Conservatorio de M\u00fasica en la calle Cava, y el tramo de la calle Ram\u00edrez con la torre de Rojano.<sup><a href=\"https:\/\/es.wikipedia.org\/wiki\/Lorca#cite_note-48\">47<\/a><\/sup>\u200b<\/li>\n\n\n\n<li><a href=\"https:\/\/es.wikipedia.org\/wiki\/Convento_de_las_Mercedarias_(Lorca)\">Convento de las Mercedarias<\/a>&nbsp;(siglo&nbsp;xvi)<\/li>\n\n\n\n<li><a href=\"https:\/\/es.wikipedia.org\/wiki\/Palacio_de_Guevara\">Palacio de Guevara<\/a>&nbsp;o Casa de las Columnas (siglos&nbsp;xvii-xviii)<\/li>\n\n\n\n<li><a href=\"https:\/\/es.wikipedia.org\/wiki\/Museo_Arqueol%C3%B3gico_Municipal_de_Lorca\">Casa-Palacio de los Salazar-Rosso<\/a>&nbsp;(siglos&nbsp;xvi-xvii), sede del Museo Arqueol\u00f3gico Municipal de Lorca.<a href=\"https:\/\/es.wikipedia.org\/wiki\/Archivo:San_julian_lorca.jpg\"><\/a><a href=\"https:\/\/es.wikipedia.org\/wiki\/Palacio_de_los_Condes_de_San_Juli%C3%A1n\">Palacio de los Condes de San Juli\u00e1n<\/a>, con la torre de&nbsp;<a href=\"https:\/\/es.wikipedia.org\/wiki\/Iglesia_de_San_Mateo_(Lorca)\">San Mateo<\/a>&nbsp;al fondo.<\/li>\n\n\n\n<li><a href=\"https:\/\/es.wikipedia.org\/wiki\/Conjunto_Monumental_Santo_Domingo\">Conjunto Monumental Santo Domingo<\/a>, (siglos&nbsp;xvi-xviii).<\/li>\n\n\n\n<li>La&nbsp;<a href=\"https:\/\/es.wikipedia.org\/wiki\/Iglesia_de_San_Francisco_(Lorca)\">Iglesia de San Francisco<\/a>, originalmente del siglo&nbsp;xvi, sufri\u00f3 severas reformas que han modificado casi completamente su arquitectura inicial. Posee una fachada clasicista y un interior con interesantes retablos barrocos.<\/li>\n\n\n\n<li><a href=\"https:\/\/es.wikipedia.org\/wiki\/Antiguo_Convento_de_la_Merced\">Antiguo Convento de la Merced<\/a>, actualmente Centro de Visitantes de Lorca Taller del Tiempo. De origen medieval con portada renacentista del siglo&nbsp;xvi&nbsp;y claustro del siglo&nbsp;xviii. Dentro puede visitarse una exposici\u00f3n interactiva sobre la Historia de la ciudad.<\/li>\n\n\n\n<li><a href=\"https:\/\/es.wikipedia.org\/w\/index.php?title=Antiguo_Colegio_de_la_Pur%C3%ADsima&amp;action=edit&amp;redlink=1\">Antiguo Colegio de la Pur\u00edsima<\/a>&nbsp;(siglo&nbsp;xviii), que alberga el Conservatorio de M\u00fasica Narciso Yepes.<\/li>\n\n\n\n<li><a href=\"https:\/\/es.wikipedia.org\/w\/index.php?title=Iglesia_del_Carmen_(Lorca)&amp;action=edit&amp;redlink=1\">Iglesia del Carmen<\/a>, iglesia carmelita de mediados del siglo&nbsp;xviii.<\/li>\n\n\n\n<li>Iglesia de San Crist\u00f3bal (siglos&nbsp;xvii-xviii).<\/li>\n\n\n\n<li><a href=\"https:\/\/es.wikipedia.org\/wiki\/Iglesia_de_San_Diego_(Lorca)\">Iglesia de San Diego<\/a>&nbsp;(siglo&nbsp;xvii).<\/li>\n\n\n\n<li>Casa Irurita (siglo&nbsp;xvi). Mansi\u00f3n nobiliaria m\u00e1s antigua de la ciudad.<sup><a href=\"https:\/\/es.wikipedia.org\/wiki\/Lorca#cite_note-49\">48<\/a><\/sup>\u200b<\/li>\n\n\n\n<li><a href=\"https:\/\/es.wikipedia.org\/wiki\/Iglesia_de_San_Mateo_(Lorca)\">Iglesia de San Mateo<\/a>&nbsp;(siglos&nbsp;xviii-xix).<\/li>\n\n\n\n<li><a href=\"https:\/\/es.wikipedia.org\/wiki\/Iglesia_de_Santiago_(Lorca)\">Iglesia de Santiago<\/a>&nbsp;(siglo&nbsp;xviii).<\/li>\n\n\n\n<li><a href=\"https:\/\/es.wikipedia.org\/wiki\/Palacio_de_los_Condes_de_San_Juli%C3%A1n\">Palacio de los Condes de San Juli\u00e1n<\/a>&nbsp;(siglos&nbsp;xvii-xix).<\/li>\n\n\n\n<li>Monte Calvario, cerro sobre el que se construyeron una serie de ermitas a comienzos del siglo&nbsp;xvii&nbsp;como alternativa a los peregrinos que no pudieran desplazarse a&nbsp;<a href=\"https:\/\/es.wikipedia.org\/wiki\/Tierra_Santa\">Tierra Santa<\/a>. Desde aqu\u00ed se divisa una bonita panor\u00e1mica de Lorca y del&nbsp;<a href=\"https:\/\/es.wikipedia.org\/wiki\/Castillo_de_Lorca\">Castillo<\/a>.<a href=\"https:\/\/es.wikipedia.org\/wiki\/Archivo:Casino_de_Lorca.JPG\"><\/a>Fachada del Casino Art\u00edstico y Literario.<\/li>\n\n\n\n<li><a href=\"https:\/\/es.wikipedia.org\/wiki\/Casino_Art%C3%ADstico_y_Literario_de_Lorca\">Casino Art\u00edstico y Literario de Lorca<\/a>, edificio singular de aspecto andaluz, dise\u00f1ado por el lorquino Manuel Mart\u00ednez.<\/li>\n\n\n\n<li><a href=\"https:\/\/es.wikipedia.org\/wiki\/Teatro_Guerra\">Teatro Guerra<\/a>, es el teatro m\u00e1s antiguo de la Regi\u00f3n de Murcia, inaugurado en 1861.<\/li>\n\n\n\n<li>Sindicato de Riegos (siglo&nbsp;xviii), donde se administra el agua para uso de la huerta lorquina.<\/li>\n\n\n\n<li>C\u00e1mara Agr\u00edcola (comienzos del siglo&nbsp;xx), edificio de estilo modernista, poco usual en esta zona de la Regi\u00f3n de Murcia, dise\u00f1ado por el cartagenero Mario Spottorno, tambi\u00e9n arquitecto de importantes edificaciones modernistas en&nbsp;<a href=\"https:\/\/es.wikipedia.org\/wiki\/Cartagena_(Espa%C3%B1a)\">Cartagena<\/a>.<\/li>\n\n\n\n<li>Puente de Piedra, o&nbsp;<a href=\"https:\/\/es.wikipedia.org\/wiki\/Puente_del_Barrio\">Puente del Barrio<\/a>&nbsp;(siglo&nbsp;xix), obra de gran monumentalidad y solidez, ya que sufri\u00f3 dos fuertes riadas.<\/li>\n\n\n\n<li><a href=\"https:\/\/es.wikipedia.org\/wiki\/Convento_Virgen_de_las_Huertas\">Convento Virgen de las Huertas<\/a>&nbsp;(siglo&nbsp;xv), convento franciscano destruido durante una riada en 1653 y reconstruido a mediados del siglo&nbsp;xviii. Situado a las afueras de la ciudad. En su subsuelo se han descubierto los restos de un palacio musulm\u00e1n.<\/li>\n<\/ul>\n","protected":false},"excerpt":{"rendered":"<p>15 y 16 de noviembre de 2024 Castillo de Lorca Lorca&nbsp;es una ciudad y&nbsp;municipio espa\u00f1ol&nbsp;perteneciente a la&nbsp;Regi\u00f3n de Murcia, situada en la comarca del&nbsp;Alto Guadalent\u00edn, en el sureste de la&nbsp;pen\u00ednsula ib\u00e9rica. Es la tercera poblaci\u00f3n en importancia de la&nbsp;Regi\u00f3n de Murcia&nbsp;tras&nbsp;Murcia&nbsp;y&nbsp;Cartagena, con 98&nbsp;447 habitantes (INE&nbsp;2023). Lorca es conocida por&nbsp;su castillo, su arquitectura barroca y&nbsp;sus procesiones &hellip; <a href=\"https:\/\/www.congresospse.es\/?page_id=1915\" class=\"more-link\">Continuar leyendo<span class=\"screen-reader-text\"> \u00abSede 2024: Lorca\u00bb<\/span><\/a><\/p>\n","protected":false},"author":1,"featured_media":0,"parent":0,"menu_order":0,"comment_status":"closed","ping_status":"closed","template":"","meta":{"footnotes":""},"class_list":["post-1915","page","type-page","status-publish","hentry"],"yoast_head":"<!-- This site is optimized with the Yoast SEO plugin v19.4 - https:\/\/yoast.com\/wordpress\/plugins\/seo\/ -->\n<title>Sede 2024: Lorca - LI (51) Reuni\u00f3n Anual de la Sociedad de Pediatria del Sureste de Espa\u00f1a<\/title>\n<meta name=\"robots\" content=\"index, follow, max-snippet:-1, max-image-preview:large, max-video-preview:-1\" \/>\n<link rel=\"canonical\" href=\"https:\/\/www.congresospse.es\/\" \/>\n<meta property=\"og:locale\" content=\"es_ES\" \/>\n<meta property=\"og:type\" content=\"article\" \/>\n<meta property=\"og:title\" content=\"Sede 2024: Lorca - LI (51) Reuni\u00f3n Anual de la Sociedad de Pediatria del Sureste de Espa\u00f1a\" \/>\n<meta property=\"og:description\" content=\"15 y 16 de noviembre de 2024 Castillo de Lorca Lorca&nbsp;es una ciudad y&nbsp;municipio espa\u00f1ol&nbsp;perteneciente a la&nbsp;Regi\u00f3n de Murcia, situada en la comarca del&nbsp;Alto Guadalent\u00edn, en el sureste de la&nbsp;pen\u00ednsula ib\u00e9rica. Es la tercera poblaci\u00f3n en importancia de la&nbsp;Regi\u00f3n de Murcia&nbsp;tras&nbsp;Murcia&nbsp;y&nbsp;Cartagena, con 98&nbsp;447 habitantes (INE&nbsp;2023). Lorca es conocida por&nbsp;su castillo, su arquitectura barroca y&nbsp;sus procesiones &hellip; Continuar leyendo &quot;Sede 2024: Lorca&quot;\" \/>\n<meta property=\"og:url\" content=\"https:\/\/www.congresospse.es\/\" \/>\n<meta property=\"og:site_name\" content=\"LI (51) Reuni\u00f3n Anual de la Sociedad de Pediatria del Sureste de Espa\u00f1a\" \/>\n<meta property=\"article:modified_time\" content=\"2024-07-28T10:31:43+00:00\" \/>\n<meta property=\"og:image\" content=\"http:\/\/www.congresospse.es\/wp-content\/uploads\/2024\/06\/Castillo_de_Lorca1-1024x680.jpg\" \/>\n<meta name=\"twitter:card\" content=\"summary_large_image\" \/>\n<meta name=\"twitter:label1\" content=\"Tiempo de lectura\" \/>\n\t<meta name=\"twitter:data1\" content=\"5 minutos\" \/>\n<script type=\"application\/ld+json\" class=\"yoast-schema-graph\">{\"@context\":\"https:\/\/schema.org\",\"@graph\":[{\"@type\":\"Organization\",\"@id\":\"https:\/\/www.congresospse.es\/#organization\",\"name\":\"LI (51) Reuni\u00f3n Anual de la Sociedad de Pediatria del Sureste de Espa\u00f1a\",\"url\":\"https:\/\/www.congresospse.es\/\",\"sameAs\":[],\"logo\":{\"@type\":\"ImageObject\",\"inLanguage\":\"es\",\"@id\":\"https:\/\/www.congresospse.es\/#\/schema\/logo\/image\/\",\"url\":\"https:\/\/www.congresospse.es\/wp-content\/uploads\/2022\/08\/cropped-2BD1DBE8-4FBA-4E7C-BD73-4F6173AA7712-2.png\",\"contentUrl\":\"https:\/\/www.congresospse.es\/wp-content\/uploads\/2022\/08\/cropped-2BD1DBE8-4FBA-4E7C-BD73-4F6173AA7712-2.png\",\"width\":110,\"height\":110,\"caption\":\"LI (51) Reuni\u00f3n Anual de la Sociedad de Pediatria del Sureste de Espa\u00f1a\"},\"image\":{\"@id\":\"https:\/\/www.congresospse.es\/#\/schema\/logo\/image\/\"}},{\"@type\":\"WebSite\",\"@id\":\"https:\/\/www.congresospse.es\/#website\",\"url\":\"https:\/\/www.congresospse.es\/\",\"name\":\"LI (51) Reuni\u00f3n Anual de la Sociedad de Pediatria del Sureste de Espa\u00f1a\",\"description\":\"Estaremos donde est\u00e9 la infancia y la adolescencia de la Regi\u00f3n de Murcia\",\"publisher\":{\"@id\":\"https:\/\/www.congresospse.es\/#organization\"},\"potentialAction\":[{\"@type\":\"SearchAction\",\"target\":{\"@type\":\"EntryPoint\",\"urlTemplate\":\"https:\/\/www.congresospse.es\/?s={search_term_string}\"},\"query-input\":\"required name=search_term_string\"}],\"inLanguage\":\"es\"},{\"@type\":\"WebPage\",\"@id\":\"https:\/\/www.congresospse.es\/\",\"url\":\"https:\/\/www.congresospse.es\/\",\"name\":\"Sede 2024: Lorca - LI (51) Reuni\u00f3n Anual de la Sociedad de Pediatria del Sureste de Espa\u00f1a\",\"isPartOf\":{\"@id\":\"https:\/\/www.congresospse.es\/#website\"},\"datePublished\":\"2024-06-11T15:29:44+00:00\",\"dateModified\":\"2024-07-28T10:31:43+00:00\",\"breadcrumb\":{\"@id\":\"https:\/\/www.congresospse.es\/#breadcrumb\"},\"inLanguage\":\"es\",\"potentialAction\":[{\"@type\":\"ReadAction\",\"target\":[\"https:\/\/www.congresospse.es\/\"]}]},{\"@type\":\"BreadcrumbList\",\"@id\":\"https:\/\/www.congresospse.es\/#breadcrumb\",\"itemListElement\":[{\"@type\":\"ListItem\",\"position\":1,\"name\":\"Portada\",\"item\":\"https:\/\/www.congresospse.es\/\"},{\"@type\":\"ListItem\",\"position\":2,\"name\":\"Sede 2024: Lorca\"}]}]}<\/script>\n<!-- \/ Yoast SEO plugin. -->","yoast_head_json":{"title":"Sede 2024: Lorca - LI (51) Reuni\u00f3n Anual de la Sociedad de Pediatria del Sureste de Espa\u00f1a","robots":{"index":"index","follow":"follow","max-snippet":"max-snippet:-1","max-image-preview":"max-image-preview:large","max-video-preview":"max-video-preview:-1"},"canonical":"https:\/\/www.congresospse.es\/","og_locale":"es_ES","og_type":"article","og_title":"Sede 2024: Lorca - LI (51) Reuni\u00f3n Anual de la Sociedad de Pediatria del Sureste de Espa\u00f1a","og_description":"15 y 16 de noviembre de 2024 Castillo de Lorca Lorca&nbsp;es una ciudad y&nbsp;municipio espa\u00f1ol&nbsp;perteneciente a la&nbsp;Regi\u00f3n de Murcia, situada en la comarca del&nbsp;Alto Guadalent\u00edn, en el sureste de la&nbsp;pen\u00ednsula ib\u00e9rica. Es la tercera poblaci\u00f3n en importancia de la&nbsp;Regi\u00f3n de Murcia&nbsp;tras&nbsp;Murcia&nbsp;y&nbsp;Cartagena, con 98&nbsp;447 habitantes (INE&nbsp;2023). Lorca es conocida por&nbsp;su castillo, su arquitectura barroca y&nbsp;sus procesiones &hellip; Continuar leyendo \"Sede 2024: Lorca\"","og_url":"https:\/\/www.congresospse.es\/","og_site_name":"LI (51) Reuni\u00f3n Anual de la Sociedad de Pediatria del Sureste de Espa\u00f1a","article_modified_time":"2024-07-28T10:31:43+00:00","og_image":[{"url":"http:\/\/www.congresospse.es\/wp-content\/uploads\/2024\/06\/Castillo_de_Lorca1-1024x680.jpg"}],"twitter_card":"summary_large_image","twitter_misc":{"Tiempo de lectura":"5 minutos"},"schema":{"@context":"https:\/\/schema.org","@graph":[{"@type":"Organization","@id":"https:\/\/www.congresospse.es\/#organization","name":"LI (51) Reuni\u00f3n Anual de la Sociedad de Pediatria del Sureste de Espa\u00f1a","url":"https:\/\/www.congresospse.es\/","sameAs":[],"logo":{"@type":"ImageObject","inLanguage":"es","@id":"https:\/\/www.congresospse.es\/#\/schema\/logo\/image\/","url":"https:\/\/www.congresospse.es\/wp-content\/uploads\/2022\/08\/cropped-2BD1DBE8-4FBA-4E7C-BD73-4F6173AA7712-2.png","contentUrl":"https:\/\/www.congresospse.es\/wp-content\/uploads\/2022\/08\/cropped-2BD1DBE8-4FBA-4E7C-BD73-4F6173AA7712-2.png","width":110,"height":110,"caption":"LI (51) Reuni\u00f3n Anual de la Sociedad de Pediatria del Sureste de Espa\u00f1a"},"image":{"@id":"https:\/\/www.congresospse.es\/#\/schema\/logo\/image\/"}},{"@type":"WebSite","@id":"https:\/\/www.congresospse.es\/#website","url":"https:\/\/www.congresospse.es\/","name":"LI (51) Reuni\u00f3n Anual de la Sociedad de Pediatria del Sureste de Espa\u00f1a","description":"Estaremos donde est\u00e9 la infancia y la adolescencia de la Regi\u00f3n de Murcia","publisher":{"@id":"https:\/\/www.congresospse.es\/#organization"},"potentialAction":[{"@type":"SearchAction","target":{"@type":"EntryPoint","urlTemplate":"https:\/\/www.congresospse.es\/?s={search_term_string}"},"query-input":"required name=search_term_string"}],"inLanguage":"es"},{"@type":"WebPage","@id":"https:\/\/www.congresospse.es\/","url":"https:\/\/www.congresospse.es\/","name":"Sede 2024: Lorca - LI (51) Reuni\u00f3n Anual de la Sociedad de Pediatria del Sureste de Espa\u00f1a","isPartOf":{"@id":"https:\/\/www.congresospse.es\/#website"},"datePublished":"2024-06-11T15:29:44+00:00","dateModified":"2024-07-28T10:31:43+00:00","breadcrumb":{"@id":"https:\/\/www.congresospse.es\/#breadcrumb"},"inLanguage":"es","potentialAction":[{"@type":"ReadAction","target":["https:\/\/www.congresospse.es\/"]}]},{"@type":"BreadcrumbList","@id":"https:\/\/www.congresospse.es\/#breadcrumb","itemListElement":[{"@type":"ListItem","position":1,"name":"Portada","item":"https:\/\/www.congresospse.es\/"},{"@type":"ListItem","position":2,"name":"Sede 2024: Lorca"}]}]}},"_links":{"self":[{"href":"https:\/\/www.congresospse.es\/index.php?rest_route=\/wp\/v2\/pages\/1915","targetHints":{"allow":["GET"]}}],"collection":[{"href":"https:\/\/www.congresospse.es\/index.php?rest_route=\/wp\/v2\/pages"}],"about":[{"href":"https:\/\/www.congresospse.es\/index.php?rest_route=\/wp\/v2\/types\/page"}],"author":[{"embeddable":true,"href":"https:\/\/www.congresospse.es\/index.php?rest_route=\/wp\/v2\/users\/1"}],"replies":[{"embeddable":true,"href":"https:\/\/www.congresospse.es\/index.php?rest_route=%2Fwp%2Fv2%2Fcomments&post=1915"}],"version-history":[{"count":4,"href":"https:\/\/www.congresospse.es\/index.php?rest_route=\/wp\/v2\/pages\/1915\/revisions"}],"predecessor-version":[{"id":1964,"href":"https:\/\/www.congresospse.es\/index.php?rest_route=\/wp\/v2\/pages\/1915\/revisions\/1964"}],"wp:attachment":[{"href":"https:\/\/www.congresospse.es\/index.php?rest_route=%2Fwp%2Fv2%2Fmedia&parent=1915"}],"curies":[{"name":"wp","href":"https:\/\/api.w.org\/{rel}","templated":true}]}}