{"id":2094,"date":"2025-07-21T17:12:43","date_gmt":"2025-07-21T17:12:43","guid":{"rendered":"https:\/\/www.congresospse.es\/?page_id=2094"},"modified":"2025-07-22T14:07:27","modified_gmt":"2025-07-22T14:07:27","slug":"sede-2025-murcia","status":"publish","type":"page","link":"https:\/\/www.congresospse.es\/?page_id=2094","title":{"rendered":"Sede 2025: Murcia"},"content":{"rendered":"\n<h2 class=\"wp-block-heading\"><strong>7-8 de Noviembre de 2025<\/strong><\/h2>\n\n\n\n<figure class=\"wp-block-image size-full\"><img loading=\"lazy\" decoding=\"async\" width=\"722\" height=\"476\" src=\"https:\/\/www.congresospse.es\/wp-content\/uploads\/2025\/07\/01-Murcia-capital-de-patrimonio-cultura-gentes.jpg\" alt=\"\" class=\"wp-image-2095\" srcset=\"https:\/\/www.congresospse.es\/wp-content\/uploads\/2025\/07\/01-Murcia-capital-de-patrimonio-cultura-gentes.jpg 722w, https:\/\/www.congresospse.es\/wp-content\/uploads\/2025\/07\/01-Murcia-capital-de-patrimonio-cultura-gentes-300x198.jpg 300w, https:\/\/www.congresospse.es\/wp-content\/uploads\/2025\/07\/01-Murcia-capital-de-patrimonio-cultura-gentes-400x264.jpg 400w\" sizes=\"auto, (max-width: 722px) 85vw, 722px\" \/><\/figure>\n\n\n\n<p><\/p>\n\n\n\n<p>SEDE CIENT\u00cdFICA: <a href=\"https:\/\/www.melia.com\/es\/hoteles\/espana\/murcia\/hotel-murcia-rincon-de-pepe-by-melia\/galeria\">HOTEL RINC\u00d3N DE PEPE<\/a>, CIUDAD DE MURCIA <\/p>\n\n\n\n<p>Idioma del congreso: espa\u00f1ol \/ ingl\u00e9s <\/p>\n\n\n\n<div class=\"wp-block-columns is-layout-flex wp-container-core-columns-is-layout-9d6595d7 wp-block-columns-is-layout-flex\">\n<div class=\"wp-block-column is-layout-flow wp-block-column-is-layout-flow\" style=\"flex-basis:100%\">\n<div class=\"wp-block-group\"><div class=\"wp-block-group__inner-container is-layout-constrained wp-block-group-is-layout-constrained\">\n<div class=\"wp-block-jetpack-tiled-gallery aligncenter is-style-rectangular\"><div class=\"tiled-gallery__gallery\"><div class=\"tiled-gallery__row\"><div class=\"tiled-gallery__col\" style=\"flex-basis:66.82877%\"><figure class=\"tiled-gallery__item\"><img decoding=\"async\" srcset=\"https:\/\/i2.wp.com\/www.congresospse.es\/wp-content\/uploads\/2025\/07\/images.jpg?strip=info&#038;w=275 275w\" alt=\"\" data-height=\"183\" data-id=\"2118\" data-link=\"https:\/\/www.congresospse.es\/?attachment_id=2118\" data-url=\"http:\/\/www.congresospse.es\/wp-content\/uploads\/2025\/07\/images.jpg\" data-width=\"275\" src=\"https:\/\/i2.wp.com\/www.congresospse.es\/wp-content\/uploads\/2025\/07\/images.jpg\" data-amp-layout=\"responsive\"\/><\/figure><\/div><div class=\"tiled-gallery__col\" style=\"flex-basis:33.17123%\"><figure class=\"tiled-gallery__item\"><img decoding=\"async\" srcset=\"https:\/\/i2.wp.com\/www.congresospse.es\/wp-content\/uploads\/2025\/07\/images-2.jpg?strip=info&#038;w=275 275w\" alt=\"\" data-height=\"183\" data-id=\"2117\" data-link=\"https:\/\/www.congresospse.es\/?attachment_id=2117\" data-url=\"http:\/\/www.congresospse.es\/wp-content\/uploads\/2025\/07\/images-2.jpg\" data-width=\"275\" src=\"https:\/\/i2.wp.com\/www.congresospse.es\/wp-content\/uploads\/2025\/07\/images-2.jpg\" data-amp-layout=\"responsive\"\/><\/figure><figure class=\"tiled-gallery__item\"><img decoding=\"async\" srcset=\"https:\/\/i2.wp.com\/www.congresospse.es\/wp-content\/uploads\/2025\/07\/images-1.jpg?strip=info&#038;w=275 275w\" alt=\"\" data-height=\"183\" data-id=\"2116\" data-link=\"https:\/\/www.congresospse.es\/?attachment_id=2116\" data-url=\"http:\/\/www.congresospse.es\/wp-content\/uploads\/2025\/07\/images-1.jpg\" data-width=\"275\" src=\"https:\/\/i2.wp.com\/www.congresospse.es\/wp-content\/uploads\/2025\/07\/images-1.jpg\" data-amp-layout=\"responsive\"\/><\/figure><\/div><\/div><div class=\"tiled-gallery__row\"><div class=\"tiled-gallery__col\" style=\"flex-basis:100.00000%\"><figure class=\"tiled-gallery__item\"><img decoding=\"async\" srcset=\"https:\/\/i1.wp.com\/www.congresospse.es\/wp-content\/uploads\/2025\/07\/1366_2000.jpg?strip=info&#038;w=600&#038;ssl=1 600w,https:\/\/i1.wp.com\/www.congresospse.es\/wp-content\/uploads\/2025\/07\/1366_2000.jpg?strip=info&#038;w=900&#038;ssl=1 900w,https:\/\/i1.wp.com\/www.congresospse.es\/wp-content\/uploads\/2025\/07\/1366_2000.jpg?strip=info&#038;w=1024&#038;ssl=1 1024w\" alt=\"\" data-height=\"768\" data-id=\"2122\" data-link=\"https:\/\/www.congresospse.es\/?attachment_id=2122\" data-url=\"https:\/\/www.congresospse.es\/wp-content\/uploads\/2025\/07\/1366_2000.jpg\" data-width=\"1024\" src=\"https:\/\/i1.wp.com\/www.congresospse.es\/wp-content\/uploads\/2025\/07\/1366_2000.jpg?ssl=1\" data-amp-layout=\"responsive\"\/><\/figure><\/div><\/div><\/div><\/div>\n<\/div><\/div>\n<\/div>\n<\/div>\n\n\n\n<p>La historia de Murcia se remonta a la fundaci\u00f3n de la ciudad en el a\u00f1o 825 por Abderram\u00e1n II, qui\u00e9n le di\u00f3 el nombre de Medina Mursiya.\u00a0Durante la Edad Media, Murcia fue un importante centro pol\u00edtico y econ\u00f3mico, capital de varios reinos de taifas y posteriormente incorporada a la Corona de Castilla.\u00a0En el siglo XVIII, la ciudad experiment\u00f3 un auge cultural y urban\u00edstico, conocido como el Siglo de Oro murciano, con figuras destacadas como Francisco Salzillo y el Conde de Floridablanca.\u00a0En la actualidad, Murcia es la capital de la Regi\u00f3n de Murcia y un importante centro econ\u00f3mico y cultural.<\/p>\n\n\n\n<p>Murcia es una ciudad con ra\u00edces profundas: desde asentamientos prerromanos, pasando por la fundaci\u00f3n isl\u00e1mica y la reconversi\u00f3n medieval cristiana, hasta convertirse hoy en capital moderna, con vida universitaria, profundos lazos con la infancia (su huerta fue forjada pensando en el bienestar com\u00fan) y una oferta patrimonial que la hace ideal para un congreso de pediatr\u00eda con sensibilidad hist\u00f3rica y social.<\/p>\n","protected":false},"excerpt":{"rendered":"<p>7-8 de Noviembre de 2025 SEDE CIENT\u00cdFICA: HOTEL RINC\u00d3N DE PEPE, CIUDAD DE MURCIA Idioma del congreso: espa\u00f1ol \/ ingl\u00e9s La historia de Murcia se remonta a la fundaci\u00f3n de la ciudad en el a\u00f1o 825 por Abderram\u00e1n II, qui\u00e9n le di\u00f3 el nombre de Medina Mursiya.\u00a0Durante la Edad Media, Murcia fue un importante centro &hellip; <a href=\"https:\/\/www.congresospse.es\/?page_id=2094\" class=\"more-link\">Continuar leyendo<span class=\"screen-reader-text\"> \u00abSede 2025: Murcia\u00bb<\/span><\/a><\/p>\n","protected":false},"author":1,"featured_media":0,"parent":0,"menu_order":0,"comment_status":"closed","ping_status":"closed","template":"","meta":{"footnotes":""},"class_list":["post-2094","page","type-page","status-publish","hentry"],"yoast_head":"<!-- This site is optimized with the Yoast SEO plugin v19.4 - https:\/\/yoast.com\/wordpress\/plugins\/seo\/ -->\n<title>Sede 2025: Murcia - LI (51) Reuni\u00f3n Anual de la Sociedad de Pediatria del Sureste de Espa\u00f1a<\/title>\n<meta name=\"robots\" content=\"index, follow, max-snippet:-1, max-image-preview:large, max-video-preview:-1\" \/>\n<link rel=\"canonical\" href=\"https:\/\/www.congresospse.es\/?page_id=2094\" \/>\n<meta property=\"og:locale\" content=\"es_ES\" \/>\n<meta property=\"og:type\" content=\"article\" \/>\n<meta property=\"og:title\" content=\"Sede 2025: Murcia - LI (51) Reuni\u00f3n Anual de la Sociedad de Pediatria del Sureste de Espa\u00f1a\" \/>\n<meta property=\"og:description\" content=\"7-8 de Noviembre de 2025 SEDE CIENT\u00cdFICA: HOTEL RINC\u00d3N DE PEPE, CIUDAD DE MURCIA Idioma del congreso: espa\u00f1ol \/ ingl\u00e9s La historia de Murcia se remonta a la fundaci\u00f3n de la ciudad en el a\u00f1o 825 por Abderram\u00e1n II, qui\u00e9n le di\u00f3 el nombre de Medina Mursiya.\u00a0Durante la Edad Media, Murcia fue un importante centro &hellip; Continuar leyendo &quot;Sede 2025: Murcia&quot;\" \/>\n<meta property=\"og:url\" content=\"https:\/\/www.congresospse.es\/?page_id=2094\" \/>\n<meta property=\"og:site_name\" content=\"LI (51) Reuni\u00f3n Anual de la Sociedad de Pediatria del Sureste de Espa\u00f1a\" \/>\n<meta property=\"article:modified_time\" content=\"2025-07-22T14:07:27+00:00\" \/>\n<meta property=\"og:image\" content=\"https:\/\/www.congresospse.es\/wp-content\/uploads\/2025\/07\/01-Murcia-capital-de-patrimonio-cultura-gentes.jpg\" \/>\n<meta name=\"twitter:card\" content=\"summary_large_image\" \/>\n<meta name=\"twitter:label1\" content=\"Tiempo de lectura\" \/>\n\t<meta name=\"twitter:data1\" content=\"2 minutos\" \/>\n<script type=\"application\/ld+json\" class=\"yoast-schema-graph\">{\"@context\":\"https:\/\/schema.org\",\"@graph\":[{\"@type\":\"Organization\",\"@id\":\"https:\/\/www.congresospse.es\/#organization\",\"name\":\"LI (51) Reuni\u00f3n Anual de la Sociedad de Pediatria del Sureste de Espa\u00f1a\",\"url\":\"https:\/\/www.congresospse.es\/\",\"sameAs\":[],\"logo\":{\"@type\":\"ImageObject\",\"inLanguage\":\"es\",\"@id\":\"https:\/\/www.congresospse.es\/#\/schema\/logo\/image\/\",\"url\":\"https:\/\/www.congresospse.es\/wp-content\/uploads\/2022\/08\/cropped-2BD1DBE8-4FBA-4E7C-BD73-4F6173AA7712-2.png\",\"contentUrl\":\"https:\/\/www.congresospse.es\/wp-content\/uploads\/2022\/08\/cropped-2BD1DBE8-4FBA-4E7C-BD73-4F6173AA7712-2.png\",\"width\":110,\"height\":110,\"caption\":\"LI (51) Reuni\u00f3n Anual de la Sociedad de Pediatria del Sureste de Espa\u00f1a\"},\"image\":{\"@id\":\"https:\/\/www.congresospse.es\/#\/schema\/logo\/image\/\"}},{\"@type\":\"WebSite\",\"@id\":\"https:\/\/www.congresospse.es\/#website\",\"url\":\"https:\/\/www.congresospse.es\/\",\"name\":\"LI (51) Reuni\u00f3n Anual de la Sociedad de Pediatria del Sureste de Espa\u00f1a\",\"description\":\"Estaremos donde est\u00e9 la infancia y la adolescencia de la Regi\u00f3n de Murcia\",\"publisher\":{\"@id\":\"https:\/\/www.congresospse.es\/#organization\"},\"potentialAction\":[{\"@type\":\"SearchAction\",\"target\":{\"@type\":\"EntryPoint\",\"urlTemplate\":\"https:\/\/www.congresospse.es\/?s={search_term_string}\"},\"query-input\":\"required name=search_term_string\"}],\"inLanguage\":\"es\"},{\"@type\":\"WebPage\",\"@id\":\"https:\/\/www.congresospse.es\/?page_id=2094\",\"url\":\"https:\/\/www.congresospse.es\/?page_id=2094\",\"name\":\"Sede 2025: Murcia - LI (51) Reuni\u00f3n Anual de la Sociedad de Pediatria del Sureste de Espa\u00f1a\",\"isPartOf\":{\"@id\":\"https:\/\/www.congresospse.es\/#website\"},\"datePublished\":\"2025-07-21T17:12:43+00:00\",\"dateModified\":\"2025-07-22T14:07:27+00:00\",\"breadcrumb\":{\"@id\":\"https:\/\/www.congresospse.es\/?page_id=2094#breadcrumb\"},\"inLanguage\":\"es\",\"potentialAction\":[{\"@type\":\"ReadAction\",\"target\":[\"https:\/\/www.congresospse.es\/?page_id=2094\"]}]},{\"@type\":\"BreadcrumbList\",\"@id\":\"https:\/\/www.congresospse.es\/?page_id=2094#breadcrumb\",\"itemListElement\":[{\"@type\":\"ListItem\",\"position\":1,\"name\":\"Portada\",\"item\":\"https:\/\/www.congresospse.es\/\"},{\"@type\":\"ListItem\",\"position\":2,\"name\":\"Sede 2025: Murcia\"}]}]}<\/script>\n<!-- \/ Yoast SEO plugin. -->","yoast_head_json":{"title":"Sede 2025: Murcia - LI (51) Reuni\u00f3n Anual de la Sociedad de Pediatria del Sureste de Espa\u00f1a","robots":{"index":"index","follow":"follow","max-snippet":"max-snippet:-1","max-image-preview":"max-image-preview:large","max-video-preview":"max-video-preview:-1"},"canonical":"https:\/\/www.congresospse.es\/?page_id=2094","og_locale":"es_ES","og_type":"article","og_title":"Sede 2025: Murcia - LI (51) Reuni\u00f3n Anual de la Sociedad de Pediatria del Sureste de Espa\u00f1a","og_description":"7-8 de Noviembre de 2025 SEDE CIENT\u00cdFICA: HOTEL RINC\u00d3N DE PEPE, CIUDAD DE MURCIA Idioma del congreso: espa\u00f1ol \/ ingl\u00e9s La historia de Murcia se remonta a la fundaci\u00f3n de la ciudad en el a\u00f1o 825 por Abderram\u00e1n II, qui\u00e9n le di\u00f3 el nombre de Medina Mursiya.\u00a0Durante la Edad Media, Murcia fue un importante centro &hellip; Continuar leyendo \"Sede 2025: Murcia\"","og_url":"https:\/\/www.congresospse.es\/?page_id=2094","og_site_name":"LI (51) Reuni\u00f3n Anual de la Sociedad de Pediatria del Sureste de Espa\u00f1a","article_modified_time":"2025-07-22T14:07:27+00:00","og_image":[{"url":"https:\/\/www.congresospse.es\/wp-content\/uploads\/2025\/07\/01-Murcia-capital-de-patrimonio-cultura-gentes.jpg"}],"twitter_card":"summary_large_image","twitter_misc":{"Tiempo de lectura":"2 minutos"},"schema":{"@context":"https:\/\/schema.org","@graph":[{"@type":"Organization","@id":"https:\/\/www.congresospse.es\/#organization","name":"LI (51) Reuni\u00f3n Anual de la Sociedad de Pediatria del Sureste de Espa\u00f1a","url":"https:\/\/www.congresospse.es\/","sameAs":[],"logo":{"@type":"ImageObject","inLanguage":"es","@id":"https:\/\/www.congresospse.es\/#\/schema\/logo\/image\/","url":"https:\/\/www.congresospse.es\/wp-content\/uploads\/2022\/08\/cropped-2BD1DBE8-4FBA-4E7C-BD73-4F6173AA7712-2.png","contentUrl":"https:\/\/www.congresospse.es\/wp-content\/uploads\/2022\/08\/cropped-2BD1DBE8-4FBA-4E7C-BD73-4F6173AA7712-2.png","width":110,"height":110,"caption":"LI (51) Reuni\u00f3n Anual de la Sociedad de Pediatria del Sureste de Espa\u00f1a"},"image":{"@id":"https:\/\/www.congresospse.es\/#\/schema\/logo\/image\/"}},{"@type":"WebSite","@id":"https:\/\/www.congresospse.es\/#website","url":"https:\/\/www.congresospse.es\/","name":"LI (51) Reuni\u00f3n Anual de la Sociedad de Pediatria del Sureste de Espa\u00f1a","description":"Estaremos donde est\u00e9 la infancia y la adolescencia de la Regi\u00f3n de Murcia","publisher":{"@id":"https:\/\/www.congresospse.es\/#organization"},"potentialAction":[{"@type":"SearchAction","target":{"@type":"EntryPoint","urlTemplate":"https:\/\/www.congresospse.es\/?s={search_term_string}"},"query-input":"required name=search_term_string"}],"inLanguage":"es"},{"@type":"WebPage","@id":"https:\/\/www.congresospse.es\/?page_id=2094","url":"https:\/\/www.congresospse.es\/?page_id=2094","name":"Sede 2025: Murcia - LI (51) Reuni\u00f3n Anual de la Sociedad de Pediatria del Sureste de Espa\u00f1a","isPartOf":{"@id":"https:\/\/www.congresospse.es\/#website"},"datePublished":"2025-07-21T17:12:43+00:00","dateModified":"2025-07-22T14:07:27+00:00","breadcrumb":{"@id":"https:\/\/www.congresospse.es\/?page_id=2094#breadcrumb"},"inLanguage":"es","potentialAction":[{"@type":"ReadAction","target":["https:\/\/www.congresospse.es\/?page_id=2094"]}]},{"@type":"BreadcrumbList","@id":"https:\/\/www.congresospse.es\/?page_id=2094#breadcrumb","itemListElement":[{"@type":"ListItem","position":1,"name":"Portada","item":"https:\/\/www.congresospse.es\/"},{"@type":"ListItem","position":2,"name":"Sede 2025: Murcia"}]}]}},"_links":{"self":[{"href":"https:\/\/www.congresospse.es\/index.php?rest_route=\/wp\/v2\/pages\/2094","targetHints":{"allow":["GET"]}}],"collection":[{"href":"https:\/\/www.congresospse.es\/index.php?rest_route=\/wp\/v2\/pages"}],"about":[{"href":"https:\/\/www.congresospse.es\/index.php?rest_route=\/wp\/v2\/types\/page"}],"author":[{"embeddable":true,"href":"https:\/\/www.congresospse.es\/index.php?rest_route=\/wp\/v2\/users\/1"}],"replies":[{"embeddable":true,"href":"https:\/\/www.congresospse.es\/index.php?rest_route=%2Fwp%2Fv2%2Fcomments&post=2094"}],"version-history":[{"count":6,"href":"https:\/\/www.congresospse.es\/index.php?rest_route=\/wp\/v2\/pages\/2094\/revisions"}],"predecessor-version":[{"id":2123,"href":"https:\/\/www.congresospse.es\/index.php?rest_route=\/wp\/v2\/pages\/2094\/revisions\/2123"}],"wp:attachment":[{"href":"https:\/\/www.congresospse.es\/index.php?rest_route=%2Fwp%2Fv2%2Fmedia&parent=2094"}],"curies":[{"name":"wp","href":"https:\/\/api.w.org\/{rel}","templated":true}]}}